{"id":51,"date":"2023-08-18T16:52:58","date_gmt":"2023-08-18T19:52:58","guid":{"rendered":"https:\/\/psicologoary.com.br\/?page_id=51"},"modified":"2023-08-18T17:38:21","modified_gmt":"2023-08-18T20:38:21","slug":"servicos","status":"publish","type":"page","link":"https:\/\/psicologoary.com.br\/?page_id=51","title":{"rendered":"Servi\u00e7os"},"content":{"rendered":"\n<p>Bem-vindo ao espa\u00e7o acolhedor e confidencial do psic\u00f3logo Psic\u00f3logo Ary. Aqui, voc\u00ea encontrar\u00e1 apoio profissional para enfrentar desafios, superar obst\u00e1culos e conquistar uma vida mais saud\u00e1vel emocionalmente. Com vasta experi\u00eancia e abordagem emp\u00e1tica, estamos comprometidos em ajudar voc\u00ea a compreender suas emo\u00e7\u00f5es, desenvolver habilidades de enfrentamento e encontrar solu\u00e7\u00f5es para uma variedade de quest\u00f5es psicol\u00f3gicas.<\/p>\n\n\n\n<p>Servi\u00e7os Oferecidos:<\/p>\n\n\n\n<ul class=\"wp-block-list\">\n<li>Aconselhamento Individual: Explore suas preocupa\u00e7\u00f5es pessoais e trabalhe em dire\u00e7\u00e3o ao autoconhecimento e crescimento.<\/li>\n\n\n\n<li>Terapia de Casal: Aprimore a comunica\u00e7\u00e3o e resolva conflitos para fortalecer relacionamentos significativos.<\/li>\n\n\n\n<li>Orienta\u00e7\u00e3o Familiar: Supere desafios familiares juntos, promovendo harmonia e compreens\u00e3o.<\/li>\n\n\n\n<li>Gerenciamento de Estresse: Aprenda t\u00e9cnicas pr\u00e1ticas para lidar com o estresse e ansiedade do dia a dia.<\/li>\n\n\n\n<li>Autoestima e Confian\u00e7a: Desenvolva uma imagem positiva de si mesmo e alcance maior autoconfian\u00e7a.<\/li>\n\n\n\n<li>Depress\u00e3o e Ansiedade: Enfrente e supere sintomas depressivos e ansiosos com orienta\u00e7\u00e3o especializada.<\/li>\n\n\n\n<li>Quest\u00f5es de Sa\u00fade Mental: Aborde uma ampla gama de quest\u00f5es, desde fobias a transtornos de humor.<\/li>\n<\/ul>\n\n\n\n<p>Adotamos uma abordagem centrada no paciente, personalizando o tratamento de acordo com suas necessidades individuais. A terapia \u00e9 baseada em uma atmosfera de confian\u00e7a, empatia e respeito, proporcionando um ambiente seguro para explorar seus sentimentos mais profundos. Com t\u00e9cnicas comprovadas e estrat\u00e9gias de enfrentamento eficazes, ajudaremos voc\u00ea a desenvolver habilidades para enfrentar desafios presentes e futuros.<\/p>\n\n\n\n<p>Sinta-se \u00e0 vontade para explorar nosso site para mais informa\u00e7\u00f5es, nossa experi\u00eancia, abordagem terap\u00eautica e os benef\u00edcios da terapia. Tome o primeiro passo em dire\u00e7\u00e3o ao seu bem-estar emocional hoje mesmo, agendando uma consulta e iniciando uma jornada rumo a uma vida mais equilibrada e gratificante.<\/p>\n\n\n\n<iframe loading=\"lazy\" width=\"873\" height=\"491\" src=\"https:\/\/www.youtube.com\/embed\/RzVvThhjAKw?autoplay=1\" title=\"Forest 4K \u2022 Nature Relaxation Film \u2022 Peaceful Relaxing Music \u2022 4k Video UltraHD\" frameborder=\"0\" allow=\"accelerometer; autoplay; clipboard-write; encrypted-media; gyroscope; picture-in-picture; web-share\" allowfullscreen><\/iframe>\n\n\n\n<p><\/p>\n\n\n\n<p><\/p>\n","protected":false},"excerpt":{"rendered":"<p>Bem-vindo ao espa\u00e7o acolhedor e confidencial do psic\u00f3logo Psic\u00f3logo Ary. Aqui, voc\u00ea encontrar\u00e1 apoio profissional para enfrentar desafios, superar obst\u00e1culos e conquistar uma vida mais saud\u00e1vel emocionalmente. Com vasta experi\u00eancia e abordagem emp\u00e1tica, estamos comprometidos em ajudar voc\u00ea a compreender suas emo\u00e7\u00f5es, desenvolver habilidades de enfrentamento e encontrar solu\u00e7\u00f5es para uma variedade de quest\u00f5es psicol\u00f3gicas. &hellip; <\/p>\n<p class=\"link-more\"><a href=\"https:\/\/psicologoary.com.br\/?page_id=51\" class=\"more-link\">Read more<span class=\"screen-reader-text\"> &#8220;Servi\u00e7os&#8221;<\/span><\/a><\/p>\n","protected":false},"author":1,"featured_media":0,"parent":0,"menu_order":0,"comment_status":"closed","ping_status":"closed","template":"","meta":{"inspiro_hide_title":false,"footnotes":""},"class_list":["post-51","page","type-page","status-publish","hentry"],"_links":{"self":[{"href":"https:\/\/psicologoary.com.br\/index.php?rest_route=\/wp\/v2\/pages\/51","targetHints":{"allow":["GET"]}}],"collection":[{"href":"https:\/\/psicologoary.com.br\/index.php?rest_route=\/wp\/v2\/pages"}],"about":[{"href":"https:\/\/psicologoary.com.br\/index.php?rest_route=\/wp\/v2\/types\/page"}],"author":[{"embeddable":true,"href":"https:\/\/psicologoary.com.br\/index.php?rest_route=\/wp\/v2\/users\/1"}],"replies":[{"embeddable":true,"href":"https:\/\/psicologoary.com.br\/index.php?rest_route=%2Fwp%2Fv2%2Fcomments&post=51"}],"version-history":[{"count":5,"href":"https:\/\/psicologoary.com.br\/index.php?rest_route=\/wp\/v2\/pages\/51\/revisions"}],"predecessor-version":[{"id":62,"href":"https:\/\/psicologoary.com.br\/index.php?rest_route=\/wp\/v2\/pages\/51\/revisions\/62"}],"wp:attachment":[{"href":"https:\/\/psicologoary.com.br\/index.php?rest_route=%2Fwp%2Fv2%2Fmedia&parent=51"}],"curies":[{"name":"wp","href":"https:\/\/api.w.org\/{rel}","templated":true}]}}